{"id":2161,"date":"2021-04-15T10:30:35","date_gmt":"2021-04-15T08:30:35","guid":{"rendered":"https:\/\/testfeld2.gutgemacht.design\/?page_id=2161"},"modified":"2021-04-23T21:28:14","modified_gmt":"2021-04-23T19:28:14","slug":"impressum","status":"publish","type":"page","link":"https:\/\/thairestaurantpotsdam.de\/index.php\/impressum\/","title":{"rendered":"Impressum"},"content":{"rendered":"\t\t<div data-elementor-type=\"wp-page\" data-elementor-id=\"2161\" class=\"elementor elementor-2161\">\n\t\t\t\t\t\t<section class=\"elementor-section elementor-top-section elementor-element elementor-element-99bf3f3 elementor-section-height-min-height elementor-section-full_width elementor-section-height-default elementor-section-items-middle jltma-glass-effect-no\" data-id=\"99bf3f3\" data-element_type=\"section\" data-e-type=\"section\" data-settings=\"{&quot;background_background&quot;:&quot;slideshow&quot;,&quot;background_slideshow_gallery&quot;:[{&quot;id&quot;:282,&quot;url&quot;:&quot;https:\\\/\\\/thairestaurantpotsdam.de\\\/wp-content\\\/uploads\\\/2021\\\/03\\\/AdobeStock_102183747-scaled.jpeg&quot;}],&quot;background_slideshow_loop&quot;:&quot;yes&quot;,&quot;background_slideshow_slide_duration&quot;:5000,&quot;background_slideshow_slide_transition&quot;:&quot;fade&quot;,&quot;background_slideshow_transition_duration&quot;:500}\">\n\t\t\t\t\t\t<div class=\"elementor-container elementor-column-gap-default\">\n\t\t\t\t\t<div class=\"elementor-column elementor-col-100 elementor-top-column elementor-element elementor-element-05cdb8c jltma-glass-effect-no\" data-id=\"05cdb8c\" data-element_type=\"column\" data-e-type=\"column\">\n\t\t\t<div class=\"elementor-widget-wrap elementor-element-populated\">\n\t\t\t\t\t\t<section class=\"elementor-section elementor-inner-section elementor-element elementor-element-8f221bc elementor-section-content-bottom elementor-section-boxed elementor-section-height-default elementor-section-height-default jltma-glass-effect-no\" data-id=\"8f221bc\" data-element_type=\"section\" data-e-type=\"section\">\n\t\t\t\t\t\t<div class=\"elementor-container elementor-column-gap-default\">\n\t\t\t\t\t<div class=\"elementor-column elementor-col-100 elementor-inner-column elementor-element elementor-element-160fe1b jltma-glass-effect-no\" data-id=\"160fe1b\" data-element_type=\"column\" data-e-type=\"column\">\n\t\t\t<div class=\"elementor-widget-wrap elementor-element-populated\">\n\t\t\t\t\t\t<div class=\"elementor-element elementor-element-7b377c0 jltma-glass-effect-no elementor-widget elementor-widget-image\" data-id=\"7b377c0\" data-element_type=\"widget\" data-e-type=\"widget\" data-widget_type=\"image.default\">\n\t\t\t\t<div class=\"elementor-widget-container\">\n\t\t\t\t\t\t\t\t\t\t\t\t\t\t\t<img fetchpriority=\"high\" decoding=\"async\" width=\"300\" height=\"212\" src=\"https:\/\/thairestaurantpotsdam.de\/wp-content\/uploads\/2021\/03\/Logo_Lemongras-1-300x212.png\" class=\"attachment-medium size-medium wp-image-479\" alt=\"\" srcset=\"https:\/\/thairestaurantpotsdam.de\/wp-content\/uploads\/2021\/03\/Logo_Lemongras-1-300x212.png 300w, https:\/\/thairestaurantpotsdam.de\/wp-content\/uploads\/2021\/03\/Logo_Lemongras-1-1024x722.png 1024w, https:\/\/thairestaurantpotsdam.de\/wp-content\/uploads\/2021\/03\/Logo_Lemongras-1-768x542.png 768w, https:\/\/thairestaurantpotsdam.de\/wp-content\/uploads\/2021\/03\/Logo_Lemongras-1-1536x1083.png 1536w, https:\/\/thairestaurantpotsdam.de\/wp-content\/uploads\/2021\/03\/Logo_Lemongras-1-2048x1444.png 2048w\" sizes=\"(max-width: 300px) 100vw, 300px\" \/>\t\t\t\t\t\t\t\t\t\t\t\t\t\t\t<\/div>\n\t\t\t\t<\/div>\n\t\t\t\t\t<\/div>\n\t\t<\/div>\n\t\t\t\t\t<\/div>\n\t\t<\/section>\n\t\t\t\t<section class=\"elementor-section elementor-inner-section elementor-element elementor-element-4a488a1 elementor-section-boxed elementor-section-height-default elementor-section-height-default jltma-glass-effect-no\" data-id=\"4a488a1\" data-element_type=\"section\" data-e-type=\"section\">\n\t\t\t\t\t\t<div class=\"elementor-container elementor-column-gap-default\">\n\t\t\t\t\t<div class=\"elementor-column elementor-col-100 elementor-inner-column elementor-element elementor-element-cb7ca4b jltma-glass-effect-no\" data-id=\"cb7ca4b\" data-element_type=\"column\" data-e-type=\"column\">\n\t\t\t<div class=\"elementor-widget-wrap elementor-element-populated\">\n\t\t\t\t\t\t<div class=\"elementor-element elementor-element-7dc16d8 jltma-glass-effect-no elementor-widget elementor-widget-heading\" data-id=\"7dc16d8\" data-element_type=\"widget\" data-e-type=\"widget\" data-widget_type=\"heading.default\">\n\t\t\t\t<div class=\"elementor-widget-container\">\n\t\t\t\t\t<h2 class=\"elementor-heading-title elementor-size-default\">Impressum<\/h2>\t\t\t\t<\/div>\n\t\t\t\t<\/div>\n\t\t\t\t\t<\/div>\n\t\t<\/div>\n\t\t\t\t\t<\/div>\n\t\t<\/section>\n\t\t\t\t<div class=\"elementor-element elementor-element-10be50f elementor-hidden-tablet elementor-hidden-phone jltma-glass-effect-no elementor-widget elementor-widget-spacer\" data-id=\"10be50f\" data-element_type=\"widget\" data-e-type=\"widget\" data-widget_type=\"spacer.default\">\n\t\t\t\t<div class=\"elementor-widget-container\">\n\t\t\t\t\t\t\t<div class=\"elementor-spacer\">\n\t\t\t<div class=\"elementor-spacer-inner\"><\/div>\n\t\t<\/div>\n\t\t\t\t\t\t<\/div>\n\t\t\t\t<\/div>\n\t\t\t\t\t<\/div>\n\t\t<\/div>\n\t\t\t\t\t<\/div>\n\t\t<\/section>\n\t\t\t\t<section class=\"elementor-section elementor-top-section elementor-element elementor-element-b0d1bee elementor-section-boxed elementor-section-height-default elementor-section-height-default jltma-glass-effect-no\" data-id=\"b0d1bee\" data-element_type=\"section\" data-e-type=\"section\" data-settings=\"{&quot;background_background&quot;:&quot;classic&quot;}\">\n\t\t\t\t\t\t<div class=\"elementor-container elementor-column-gap-default\">\n\t\t\t\t\t<div class=\"elementor-column elementor-col-100 elementor-top-column elementor-element elementor-element-e854bb3 jltma-glass-effect-no\" data-id=\"e854bb3\" data-element_type=\"column\" data-e-type=\"column\">\n\t\t\t<div class=\"elementor-widget-wrap elementor-element-populated\">\n\t\t\t\t\t\t<div class=\"elementor-element elementor-element-7fcd2cb jltma-glass-effect-no elementor-widget elementor-widget-spacer\" data-id=\"7fcd2cb\" data-element_type=\"widget\" data-e-type=\"widget\" data-widget_type=\"spacer.default\">\n\t\t\t\t<div class=\"elementor-widget-container\">\n\t\t\t\t\t\t\t<div class=\"elementor-spacer\">\n\t\t\t<div class=\"elementor-spacer-inner\"><\/div>\n\t\t<\/div>\n\t\t\t\t\t\t<\/div>\n\t\t\t\t<\/div>\n\t\t\t\t<section class=\"elementor-section elementor-inner-section elementor-element elementor-element-26461d1 elementor-section-boxed elementor-section-height-default elementor-section-height-default jltma-glass-effect-no\" data-id=\"26461d1\" data-element_type=\"section\" data-e-type=\"section\" data-settings=\"{&quot;background_background&quot;:&quot;classic&quot;}\">\n\t\t\t\t\t\t<div class=\"elementor-container elementor-column-gap-default\">\n\t\t\t\t\t<div class=\"elementor-column elementor-col-50 elementor-inner-column elementor-element elementor-element-a0f3ec8 jltma-glass-effect-no\" data-id=\"a0f3ec8\" data-element_type=\"column\" data-e-type=\"column\" data-settings=\"{&quot;background_background&quot;:&quot;classic&quot;}\">\n\t\t\t<div class=\"elementor-widget-wrap elementor-element-populated\">\n\t\t\t\t\t\t<div class=\"elementor-element elementor-element-0585de1 jltma-glass-effect-no elementor-widget elementor-widget-text-editor\" data-id=\"0585de1\" data-element_type=\"widget\" data-e-type=\"widget\" data-widget_type=\"text-editor.default\">\n\t\t\t\t<div class=\"elementor-widget-container\">\n\t\t\t\t\t\t\t\t\t<p style=\"text-align: left;\"><b>Thai Restaurant LemonGras Potsdam<\/b><\/p><p style=\"text-align: left;\">Varunee Zimanky<br \/>Benkertstr. 21<br \/>14467 Potsdam<br \/><strong>Telefon:<\/strong> 0331 5888484<br \/><strong>E-Mail:<\/strong> thairestaurant@gmx.de<br \/><strong>St.-Nr.:<\/strong> 046\/292\/02566<\/p><p style=\"text-align: left;\"><strong>Webseite<\/strong><\/p><p style=\"text-align: left;\">Verantwortlicher f\u00fcr die Inhalte dieser Internetseite ist<\/p><p style=\"text-align: left;\">Herr Ulf Zimanky<br \/>Benkertstr. 21<br \/>14467 Potsdam<br \/>Tel.: 0331 5888484<\/p><p style=\"text-align: left;\"><strong>Konzept, Gestaltung, Texte &amp; technische Umsetzung:<\/strong> Kerstin Runge, <a href=\"https:\/\/www.gutgemacht.design\">gutgemacht.design<\/a><\/p>\t\t\t\t\t\t\t\t<\/div>\n\t\t\t\t<\/div>\n\t\t\t\t<div class=\"elementor-element elementor-element-eba8c60 elementor-hidden-tablet elementor-hidden-phone jltma-glass-effect-no elementor-widget elementor-widget-spacer\" data-id=\"eba8c60\" data-element_type=\"widget\" data-e-type=\"widget\" data-widget_type=\"spacer.default\">\n\t\t\t\t<div class=\"elementor-widget-container\">\n\t\t\t\t\t\t\t<div class=\"elementor-spacer\">\n\t\t\t<div class=\"elementor-spacer-inner\"><\/div>\n\t\t<\/div>\n\t\t\t\t\t\t<\/div>\n\t\t\t\t<\/div>\n\t\t\t\t<div class=\"elementor-element elementor-element-aa79001 elementor-hidden-tablet elementor-hidden-phone jltma-glass-effect-no elementor-widget elementor-widget-image\" data-id=\"aa79001\" data-element_type=\"widget\" data-e-type=\"widget\" data-widget_type=\"image.default\">\n\t\t\t\t<div class=\"elementor-widget-container\">\n\t\t\t\t\t\t\t\t\t\t\t\t\t\t\t<img decoding=\"async\" src=\"https:\/\/thairestaurantpotsdam.de\/wp-content\/uploads\/elementor\/thumbs\/Aussenansicht_3\u00a9LemonGras-q8ec48xzcu8pn6ofigrhuijumdmcjwkh2rtelxa7w0.jpg\" title=\"Aussenansicht_3\u00a9LemonGras\" alt=\"AHA Regeln\" loading=\"lazy\" \/>\t\t\t\t\t\t\t\t\t\t\t\t\t\t\t<\/div>\n\t\t\t\t<\/div>\n\t\t\t\t\t<\/div>\n\t\t<\/div>\n\t\t\t\t<div class=\"elementor-column elementor-col-50 elementor-inner-column elementor-element elementor-element-6b86d6d jltma-glass-effect-no\" data-id=\"6b86d6d\" data-element_type=\"column\" data-e-type=\"column\" data-settings=\"{&quot;background_background&quot;:&quot;classic&quot;}\">\n\t\t\t<div class=\"elementor-widget-wrap elementor-element-populated\">\n\t\t\t\t\t\t<div class=\"elementor-element elementor-element-0767aee jltma-glass-effect-no elementor-widget elementor-widget-text-editor\" data-id=\"0767aee\" data-element_type=\"widget\" data-e-type=\"widget\" data-widget_type=\"text-editor.default\">\n\t\t\t\t<div class=\"elementor-widget-container\">\n\t\t\t\t\t\t\t\t\t<p style=\"text-align: left;\"><strong>Quellenangaben f\u00fcr die verwendeten Fotografien:<\/strong><\/p><p style=\"text-align: left;\">Alle Seiten \/ Hintergrund Kontakt \/ Zitronengras\u00a9AdobeStock_416253074<\/p><p style=\"text-align: left;\">Startseite \/ Header \u00a0\/ \u00a9AdobeStock_131128415<br \/>Startseite \/ Unser Restaurant&#8220; \/ alle Fotos \u00a9 LemonGras<br \/>Startseite \/ Hintergrund &#8222;\u00dcber uns&#8220;\/ \u00a9AdobeStock_102183747<br \/>Startseite \/ Speisenangebot \/ Suppen \/ \u00a9tom_kha_gung\u00a9petrovhey auf Pixabay<br \/>Startseite \/ Speisenangebot \/ Vegetarisch \/ \u00a9mlproject auf Pixabay<br \/>Startseite \/ Getr\u00e4nkeangebot Tee mit Zitronengras \/ \u00a9AdobeStock_191512554<br \/>Startseite \/ Getr\u00e4nkeangebot Weingl\u00e4ser \/ \u00a9AdobeStock_270448728<br \/>Startseite \/ Getr\u00e4nkeangebot Limonade \/ \u00a9Maja Cvetojevi\u0107 auf Pixabay<br \/>Startseite \/ Getr\u00e4nkeangebot Bier \/ \u00a9\u00a9Bruno Marques Designer auf Pixabay<br \/>Startseite \/ alle anderen Fotos \/ \u00a9LemonGras<\/p><p style=\"text-align: left;\">Seite &#8222;\u00dcber uns&#8220; \/ Header \/ \u00a9AdobeStock_102183747<br \/>Seite &#8222;\u00dcber uns&#8220; \/ Hintergr\u00fcnde Trenner \/ \u00a9AdobeStock_83997541<br \/>Seite &#8222;\u00dcber uns&#8220;\/ alle anderen Fotos \/ \u00a9LemonGras<\/p><p style=\"text-align: left;\">Seite &#8222;Vorspeisen&#8220;\/ Header \/ \u00a9LemonGras<\/p><p style=\"text-align: left;\">Seite &#8222;Suppen&#8220;\/ Header \/ \u00a9tom_kha_gung\u00a9petrovhey auf Pixabay<br \/>Seite &#8222;Suppen&#8220;\/ Chilischote \/ Chili\u00a9 Alexandra_auf_Pixabay<\/p><p style=\"text-align: left;\">Seite &#8222;Nudelgerichte&#8220;\/ Header \/ \u00a9pad-thai\u00a9Lawson Yamazaki auf Pixabay<br \/>Seite &#8222;Nudelgerichte&#8220;\/ Chilischote \/ Chili\u00a9 Alexandra_auf_Pixabay<\/p><p style=\"text-align: left;\">Seite &#8222;Reisgerichte&#8220;\/ Header \/ Pad_Khing_gai\u00a9LemonGras<br \/>Seite &#8222;Reisgerichte&#8220;\/ Chilischote \/ Chili\u00a9 Alexandra_auf_Pixabay<\/p><p style=\"text-align: left;\">Seite &#8222;Thai-Curry&#8220;\/ Header \/ Geang_Paneang1\u00a9LemonGras<br \/>Seite &#8222;Thai-Curry&#8220;\/ Chilischote \/ Chili\u00a9 Alexandra_auf_Pixabay<\/p><p style=\"text-align: left;\">Seite &#8222;Meeresfr\u00fcchte&#8220;\/ Header \/ Gchilli-prawn-curry\u00a9PHATTARANUN POPLUCK auf Pixabay<br \/>Seite &#8222;Meeresfr\u00fcchte&#8220;\/ Chilischote \/ Chili\u00a9 Alexandra_auf_Pixabay<\/p><p style=\"text-align: left;\">Seite &#8222;Vegetarisch&#8220; \/ Header \/ \u00a9mlproject auf Pixabay<\/p><p style=\"text-align: left;\">Seite &#8222;Vegan&#8220; \/ Header \/ Som_Tam_mit_Shrimp\u00a9LemonGras<\/p><p style=\"text-align: left;\">Seite &#8222;Dessert&#8220; \/ Header \/ Thai_Banana_PanCake\u00a9LemonGras<br \/>Seite &#8222;Dessert&#8220; \/ Hintergrund \/ banana\u00a9rafafa auf Pixabay<\/p><p style=\"text-align: left;\">Seite &#8222;Thail. Men\u00fc&#8220;\/ Header \/ \u00a9AdobeStock_131128415<br \/>Seite &#8222;Thail. Men\u00fc&#8220;\/ Chilischote \/ Chili\u00a9 Alexandra_auf_Pixabay<\/p><p style=\"text-align: left;\">Seite &#8222;Getr\u00e4nke&#8220;\/ Header \/ \u00a9AdobeStock_191512554<br \/>Seite &#8222;Getr\u00e4nke&#8220;\/ Hintergrund Ingwer \/ fresh\u00a9Maja Cvetojevi\u0107 auf Pixabay<br \/>Seite &#8222;Getr\u00e4nke&#8220;\/ Hintergrund Minze \/ mint-leaf\u00a9Prasert Taosiri auf Pixabay<br \/>Seite &#8222;Getr\u00e4nke&#8220;\/ Hintergrund Kaffee \/ coffee-beans\u00a9undulatus auf Pixabay<br \/>Seite &#8222;Getr\u00e4nke&#8220;\/ Limonade \/ \u00a9Maja Cvetojevi\u0107 auf Pixabay<\/p><p>Seite &#8222;Impressum&#8220; und &#8222;Datenschutz&#8220;\/ Header\/ \u00a9AdobeStock_102183747<\/p>\t\t\t\t\t\t\t\t<\/div>\n\t\t\t\t<\/div>\n\t\t\t\t\t<\/div>\n\t\t<\/div>\n\t\t\t\t\t<\/div>\n\t\t<\/section>\n\t\t\t\t<section class=\"elementor-section elementor-inner-section elementor-element elementor-element-9ce2de1 elementor-section-boxed elementor-section-height-default elementor-section-height-default jltma-glass-effect-no\" data-id=\"9ce2de1\" data-element_type=\"section\" data-e-type=\"section\" data-settings=\"{&quot;background_background&quot;:&quot;classic&quot;}\">\n\t\t\t\t\t\t<div class=\"elementor-container elementor-column-gap-default\">\n\t\t\t\t\t<div class=\"elementor-column elementor-col-100 elementor-inner-column elementor-element elementor-element-d31802d jltma-glass-effect-no\" data-id=\"d31802d\" data-element_type=\"column\" data-e-type=\"column\">\n\t\t\t<div class=\"elementor-widget-wrap elementor-element-populated\">\n\t\t\t\t\t\t<div class=\"elementor-element elementor-element-8af7108 jltma-glass-effect-no elementor-widget elementor-widget-spacer\" data-id=\"8af7108\" data-element_type=\"widget\" data-e-type=\"widget\" data-widget_type=\"spacer.default\">\n\t\t\t\t<div class=\"elementor-widget-container\">\n\t\t\t\t\t\t\t<div class=\"elementor-spacer\">\n\t\t\t<div class=\"elementor-spacer-inner\"><\/div>\n\t\t<\/div>\n\t\t\t\t\t\t<\/div>\n\t\t\t\t<\/div>\n\t\t\t\t\t<\/div>\n\t\t<\/div>\n\t\t\t\t\t<\/div>\n\t\t<\/section>\n\t\t\t\t<section class=\"elementor-section elementor-inner-section elementor-element elementor-element-2e7523d elementor-section-boxed elementor-section-height-default elementor-section-height-default jltma-glass-effect-no\" data-id=\"2e7523d\" data-element_type=\"section\" data-e-type=\"section\" data-settings=\"{&quot;background_background&quot;:&quot;classic&quot;}\">\n\t\t\t\t\t\t<div class=\"elementor-container elementor-column-gap-default\">\n\t\t\t\t\t<div class=\"elementor-column elementor-col-100 elementor-inner-column elementor-element elementor-element-78553ba jltma-glass-effect-no\" data-id=\"78553ba\" data-element_type=\"column\" data-e-type=\"column\" data-settings=\"{&quot;background_background&quot;:&quot;classic&quot;}\">\n\t\t\t<div class=\"elementor-widget-wrap elementor-element-populated\">\n\t\t\t\t\t\t<div class=\"elementor-element elementor-element-5961024 jltma-glass-effect-no elementor-widget elementor-widget-text-editor\" data-id=\"5961024\" data-element_type=\"widget\" data-e-type=\"widget\" data-widget_type=\"text-editor.default\">\n\t\t\t\t<div class=\"elementor-widget-container\">\n\t\t\t\t\t\t\t\t\t<p style=\"text-align: left;\"><strong>Haftungsausschluss<\/strong><\/p><p style=\"text-align: left;\">Haftung f\u00fcr Inhalte<\/p><p style=\"text-align: left;\">Als Diensteanbieter sind wir gem\u00e4\u00df \u00a7 7 Abs.1 TMG f\u00fcr eigene Inhalte auf diesen Seiten nach den allgemeinen Gesetzen verantwortlich. Nach \u00a7\u00a7 8 bis 10 TMG sind wir als Diensteanbieter jedoch nicht verpflichtet, \u00fcbermittelte oder gespeicherte fremde Informationen zu \u00fcberwachen oder nach Umst\u00e4nden zu forschen, die auf eine rechtswidrige T\u00e4tigkeit hinweisen. Verpflichtungen zur Entfernung oder Sperrung der Nutzung von Informationen nach den allgemeinen Gesetzen bleiben hiervon unber\u00fchrt. Eine diesbez\u00fcgliche Haftung ist jedoch erst ab dem Zeitpunkt der Kenntnis einer konkreten Rechtsverletzung m\u00f6glich. Bei Bekanntwerden von entsprechenden Rechtsverletzungen werden wir diese Inhalte umgehend entfernen.<\/p><p style=\"text-align: left;\">Haftung f\u00fcr Links<\/p><p style=\"text-align: left;\">Unser Angebot enth\u00e4lt Links zu externen Webseiten Dritter, auf deren Inhalte wir keinen Einfluss haben. Deshalb k\u00f6nnen wir f\u00fcr diese fremden Inhalte auch keine Gew\u00e4hr \u00fcbernehmen. F\u00fcr die Inhalte der verlinkten Seiten ist stets der jeweilige Anbieter oder Betreiber der Seiten verantwortlich. Die verlinkten Seiten wurden zum Zeitpunkt der Verlinkung auf m\u00f6gliche Rechtsverst\u00f6\u00dfe \u00fcberpr\u00fcft. Rechtswidrige Inhalte waren zum Zeitpunkt der Verlinkung nicht erkennbar. Eine permanente inhaltliche Kontrolle der verlinkten Seiten ist jedoch ohne konkrete Anhaltspunkte einer Rechtsverletzung nicht zumutbar. Bei Bekanntwerden von Rechtsverletzungen werden wir derartige Links umgehend entfernen.<\/p><p style=\"text-align: left;\">Urheberrecht<\/p><p style=\"text-align: left;\">Die durch die Seitenbetreiber erstellten Inhalte und Werke auf diesen Seiten unterliegen dem deutschen Urheberrecht. Die Vervielf\u00e4ltigung, Bearbeitung, Verbreitung und jede Art der Verwertung au\u00dferhalb der Grenzen des Urheberrechtes bed\u00fcrfen der schriftlichen Zustimmung des jeweiligen Autors bzw. Erstellers. Downloads und Kopien dieser Seite sind nur f\u00fcr den privaten, nicht kommerziellen Gebrauch gestattet. Soweit die Inhalte auf dieser Seite nicht vom Betreiber erstellt wurden, werden die Urheberrechte Dritter beachtet. Insbesondere werden Inhalte Dritter als solche gekennzeichnet. Sollten Sie trotzdem auf eine Urheberrechtsverletzung aufmerksam werden, bitten wir um einen entsprechenden Hinweis. Bei Bekanntwerden von Rechtsverletzungen werden wir derartige Inhalte umgehend entfernen.<\/p>\t\t\t\t\t\t\t\t<\/div>\n\t\t\t\t<\/div>\n\t\t\t\t\t<\/div>\n\t\t<\/div>\n\t\t\t\t\t<\/div>\n\t\t<\/section>\n\t\t\t\t<div class=\"elementor-element elementor-element-70489ab jltma-glass-effect-no elementor-widget elementor-widget-spacer\" data-id=\"70489ab\" data-element_type=\"widget\" data-e-type=\"widget\" data-widget_type=\"spacer.default\">\n\t\t\t\t<div class=\"elementor-widget-container\">\n\t\t\t\t\t\t\t<div class=\"elementor-spacer\">\n\t\t\t<div class=\"elementor-spacer-inner\"><\/div>\n\t\t<\/div>\n\t\t\t\t\t\t<\/div>\n\t\t\t\t<\/div>\n\t\t\t\t<div class=\"elementor-element elementor-element-f1ca15a elementor-align-center jltma-glass-effect-no elementor-widget elementor-widget-button\" data-id=\"f1ca15a\" data-element_type=\"widget\" data-e-type=\"widget\" data-widget_type=\"button.default\">\n\t\t\t\t<div class=\"elementor-widget-container\">\n\t\t\t\t\t\t\t\t\t<div class=\"elementor-button-wrapper\">\n\t\t\t\t\t<a class=\"elementor-button elementor-button-link elementor-size-xs\" href=\"https:\/\/thairestaurantpotsdam.de\">\n\t\t\t\t\t\t<span class=\"elementor-button-content-wrapper\">\n\t\t\t\t\t\t\t\t\t<span class=\"elementor-button-text\">Zur\u00fcck zur Startseite<\/span>\n\t\t\t\t\t<\/span>\n\t\t\t\t\t<\/a>\n\t\t\t\t<\/div>\n\t\t\t\t\t\t\t\t<\/div>\n\t\t\t\t<\/div>\n\t\t\t\t<div class=\"elementor-element elementor-element-5dee154 jltma-glass-effect-no elementor-widget elementor-widget-spacer\" data-id=\"5dee154\" data-element_type=\"widget\" data-e-type=\"widget\" data-widget_type=\"spacer.default\">\n\t\t\t\t<div class=\"elementor-widget-container\">\n\t\t\t\t\t\t\t<div class=\"elementor-spacer\">\n\t\t\t<div class=\"elementor-spacer-inner\"><\/div>\n\t\t<\/div>\n\t\t\t\t\t\t<\/div>\n\t\t\t\t<\/div>\n\t\t\t\t\t<\/div>\n\t\t<\/div>\n\t\t\t\t\t<\/div>\n\t\t<\/section>\n\t\t\t\t<\/div>\n\t\t","protected":false},"excerpt":{"rendered":"<p>Impressum Thai Restaurant LemonGras Potsdam Varunee ZimankyBenkertstr. 2114467 PotsdamTelefon: 0331 5888484E-Mail: thairestaurant@gmx.deSt.-Nr.: 046\/292\/02566 Webseite Verantwortlicher f\u00fcr die Inhalte dieser Internetseite ist Herr Ulf ZimankyBenkertstr. 2114467 PotsdamTel.: 0331 5888484 Konzept, Gestaltung, Texte &amp; technische Umsetzung: Kerstin Runge, gutgemacht.design Quellenangaben f\u00fcr die verwendeten Fotografien: Alle Seiten \/ Hintergrund Kontakt \/ Zitronengras\u00a9AdobeStock_416253074 Startseite \/ Header \u00a0\/ \u00a9AdobeStock_131128415Startseite \/ [&hellip;]<\/p>\n","protected":false},"author":1,"featured_media":0,"parent":0,"menu_order":0,"comment_status":"closed","ping_status":"closed","template":"","meta":{"footnotes":""},"class_list":["post-2161","page","type-page","status-publish","hentry","entry"],"_links":{"self":[{"href":"https:\/\/thairestaurantpotsdam.de\/index.php\/wp-json\/wp\/v2\/pages\/2161","targetHints":{"allow":["GET"]}}],"collection":[{"href":"https:\/\/thairestaurantpotsdam.de\/index.php\/wp-json\/wp\/v2\/pages"}],"about":[{"href":"https:\/\/thairestaurantpotsdam.de\/index.php\/wp-json\/wp\/v2\/types\/page"}],"author":[{"embeddable":true,"href":"https:\/\/thairestaurantpotsdam.de\/index.php\/wp-json\/wp\/v2\/users\/1"}],"replies":[{"embeddable":true,"href":"https:\/\/thairestaurantpotsdam.de\/index.php\/wp-json\/wp\/v2\/comments?post=2161"}],"version-history":[{"count":214,"href":"https:\/\/thairestaurantpotsdam.de\/index.php\/wp-json\/wp\/v2\/pages\/2161\/revisions"}],"predecessor-version":[{"id":3260,"href":"https:\/\/thairestaurantpotsdam.de\/index.php\/wp-json\/wp\/v2\/pages\/2161\/revisions\/3260"}],"wp:attachment":[{"href":"https:\/\/thairestaurantpotsdam.de\/index.php\/wp-json\/wp\/v2\/media?parent=2161"}],"curies":[{"name":"wp","href":"https:\/\/api.w.org\/{rel}","templated":true}]}}